{"id":10691,"date":"2016-07-13T10:38:04","date_gmt":"2016-07-13T10:38:04","guid":{"rendered":"http:\/\/melinda.themes.tvda.pw\/?page_id=10691"},"modified":"2024-04-22T22:46:03","modified_gmt":"2024-04-23T01:46:03","slug":"home-startup","status":"publish","type":"page","link":"https:\/\/frinvest.com.br\/","title":{"rendered":"Home Startup"},"content":{"rendered":"<p>[vc_row full_width=&#8221;stretch_row&#8221; full_height=&#8221;yes&#8221; content_placement=&#8221;middle&#8221; bg_type=&#8221;image&#8221; parallax_style=&#8221;vcpb-vz-jquery&#8221; bg_image_new=&#8221;id^11877|url^https:\/\/frinvest.com.br\/wp-content\/uploads\/2021\/07\/fundo_frinvest3.jpg|caption^null|alt^null|title^fundo_frinvest3|description^null&#8221; css=&#8221;.vc_custom_1625153142239{margin-bottom: 0px !important;padding-top: 120px !important;padding-bottom: 30px !important;}&#8221;][vc_column width=&#8221;7\/12&#8243;][vc_empty_space height=&#8221;40px&#8221;][vc_column_text css_animation=&#8221;bottom-to-top&#8221;]<\/p>\n<h2 style=\"color: #fff;\">A Frinvest atua na planifica\u00e7\u00e3o estrat\u00e9gica, gest\u00e3o empresarial, valuation e interm\u00e9dios de empresas<\/h2>\n<p>[\/vc_column_text][vc_empty_space height=&#8221;40px&#8221;][\/vc_column][vc_column width=&#8221;5\/12&#8243; offset=&#8221;vc_col-lg-offset-1 vc_col-lg-4 vc_col-md-5&#8243;][vc_row_inner][vc_column_inner css=&#8221;.vc_custom_1468430201984{padding-top: 60px !important;padding-right: 50px !important;padding-bottom: 30px !important;padding-left: 50px !important;background-color: #ffffff !important;border-radius: 5px !important;}&#8221;][vc_column_text css_animation=&#8221;bottom-to-top&#8221; css=&#8221;.vc_custom_1624983990622{margin-bottom: 25px !important;}&#8221;]<\/p>\n<h4 style=\"text-align: left;\">Venha para Frinvest<\/h4>\n<div id=\"gtx-trans\" style=\"position: absolute; left: 131px; top: 43.2656px;\">\n<div class=\"gtx-trans-icon\"><\/div>\n<\/div>\n<p>[\/vc_column_text][vc_column_text css_animation=&#8221;bottom-to-top&#8221;]<\/p>\n<h5 style=\"color: #aaaaaa; font-weight: 400; font-size: 22px; line-height: 1.5; text-align: left;\">Sucesso na constru\u00e7\u00e3o e gerenciamento de marcas.<\/h5>\n<div id=\"gtx-trans\" style=\"position: absolute; left: 465px; top: 12.0694px;\">\n<div class=\"gtx-trans-icon\"><\/div>\n<\/div>\n<p>[\/vc_column_text][vc_empty_space height=&#8221;10px&#8221;][\/vc_column_inner][\/vc_row_inner][\/vc_column][\/vc_row][vc_row full_width=&#8221;stretch_row&#8221; css=&#8221;.vc_custom_1625153431802{margin-bottom: 0px !important;padding-top: 110px !important;padding-bottom: 40px !important;background-color: #f7f7f7 !important;}&#8221;][vc_column][vc_row_inner css=&#8221;.vc_custom_1468516262520{margin-bottom: 0px !important;}&#8221;][vc_column_inner offset=&#8221;vc_col-lg-offset-1 vc_col-lg-10&#8243;][vc_column_text css_animation=&#8221;bottom-to-top&#8221;]<\/p>\n<h6 style=\"color: #265cdc; text-align: center;\"><span style=\"color: #987e64;\">Venha crescer com a Frinvest<\/span><\/h6>\n<div id=\"gtx-trans\" style=\"position: absolute; left: 236px; top: 39.2986px;\">\n<div class=\"gtx-trans-icon\"><\/div>\n<\/div>\n<p>[\/vc_column_text]<div id=\"ultimate-heading-707169faae0fe4d62\" class=\"uvc-heading ult-adjust-bottom-margin ultimate-heading-707169faae0fe4d62 uvc-2240 \" data-hspacer=\"no_spacer\"  data-halign=\"center\" style=\"text-align:center\"><div class=\"uvc-heading-spacer no_spacer\" style=\"top\"><\/div><div class=\"uvc-main-heading ult-responsive\"  data-ultimate-target='.uvc-heading.ultimate-heading-707169faae0fe4d62 h3'  data-responsive-json-new='{\"font-size\":\"\",\"line-height\":\"\"}' ><h3 style=\"font-weight:bold;margin-bottom:30px;\">Interligando neg\u00f3cios e produzindo resultados<\/h3><\/div><div class=\"uvc-sub-heading ult-responsive\"  data-ultimate-target='.uvc-heading.ultimate-heading-707169faae0fe4d62 .uvc-sub-heading '  data-responsive-json-new='{\"font-size\":\"\",\"line-height\":\"\"}'  style=\"font-weight:normal;\">Reconstituimos a vitalidade financeira das empresas atendidas com foco nos lucros e const\u00e2ncia controlada do crescimento. Al\u00e9m da alta compet\u00eancia na intermedia\u00e7\u00e3o de venda de empresas.<\/div><\/div>[\/vc_column_inner][\/vc_row_inner][vc_empty_space height=&#8221;0px&#8221;][vc_row_inner][vc_column_inner width=&#8221;1\/3&#8243;]<div class=\"aio-icon-component    style_1\"><div id=\"Info-box-wrap-9737\" class=\"aio-icon-box top-icon\" style=\"\"  ><div class=\"aio-icon-top\"><div class=\"ult-just-icon-wrapper  \"><div class=\"align-icon\" style=\"text-align:center;\">\n<div class=\"aio-icon none \"  style=\"color:#0a0a0a;font-size:48px;display:inline-block;\">\n\t<i class=\"elegant-icon-software_paintbucket\"><\/i>\n<\/div><\/div><\/div><\/div><div class=\"aio-icon-header\" ><h3 class=\"aio-icon-title ult-responsive\"  data-ultimate-target='#Info-box-wrap-9737 .aio-icon-title'  data-responsive-json-new='{\"font-size\":\"\",\"line-height\":\"\"}'  style=\"\">Planejamento Estrat\u00e9gico<\/h3><\/div> <!-- header --><div class=\"aio-icon-description ult-responsive\"  data-ultimate-target='#Info-box-wrap-9737 .aio-icon-description'  data-responsive-json-new='{\"font-size\":\"\",\"line-height\":\"\"}'  style=\"\">Com experi\u00eancia na reestrutura\u00e7\u00e3o da sa\u00fade financeira das empresas, nossa metodologia est\u00e1 focada da objetividade e equil\u00edbrio dos custos para projetar um crescimento estrat\u00e9gico e seguro.<\/p>\n<div id=\"gtx-trans\" style=\"position: absolute; left: 194px; top: 60.3229px;\">\n<div class=\"gtx-trans-icon\"><\/div>\n<\/div>\n<p><\/div> <!-- description --><\/div> <!-- aio-icon-box --><\/div> <!-- aio-icon-component -->[\/vc_column_inner][vc_column_inner width=&#8221;1\/3&#8243;]<div class=\"aio-icon-component    style_1\"><div id=\"Info-box-wrap-3449\" class=\"aio-icon-box top-icon\" style=\"\"  ><div class=\"aio-icon-top\"><div class=\"ult-just-icon-wrapper  \"><div class=\"align-icon\" style=\"text-align:center;\">\n<div class=\"aio-icon none \"  style=\"color:#000000;font-size:48px;display:inline-block;\">\n\t<i class=\"elegant-icon-software_layout_header_complex3\"><\/i>\n<\/div><\/div><\/div><\/div><div class=\"aio-icon-header\" ><h3 class=\"aio-icon-title ult-responsive\"  data-ultimate-target='#Info-box-wrap-3449 .aio-icon-title'  data-responsive-json-new='{\"font-size\":\"\",\"line-height\":\"\"}'  style=\"\">Gest\u00e3o Empresarial<\/h3><\/div> <!-- header --><div class=\"aio-icon-description ult-responsive\"  data-ultimate-target='#Info-box-wrap-3449 .aio-icon-description'  data-responsive-json-new='{\"font-size\":\"\",\"line-height\":\"\"}'  style=\"\">Nosso objetivo est\u00e1 focado em resultados. Com isso, oferecemos planos de a\u00e7\u00f5es personalizados e eficientes para empresas que desejam se diferenciar no mercado.<\/p>\n<div id=\"gtx-trans\" style=\"position: absolute; left: 94px; top: 60.3229px;\">\n<div class=\"gtx-trans-icon\"><\/div>\n<\/div>\n<p><\/div> <!-- description --><\/div> <!-- aio-icon-box --><\/div> <!-- aio-icon-component -->[\/vc_column_inner][vc_column_inner width=&#8221;1\/3&#8243;]<div class=\"aio-icon-component    style_1\"><div id=\"Info-box-wrap-8922\" class=\"aio-icon-box top-icon\" style=\"\"  ><div class=\"aio-icon-top\"><div class=\"ult-just-icon-wrapper  \"><div class=\"align-icon\" style=\"text-align:center;\">\n<div class=\"aio-icon none \"  style=\"color:#000000;font-size:48px;display:inline-block;\">\n\t<i class=\"elegant-icon-ecommerce_cart_plus\"><\/i>\n<\/div><\/div><\/div><\/div><div class=\"aio-icon-header\" ><h3 class=\"aio-icon-title ult-responsive\"  data-ultimate-target='#Info-box-wrap-8922 .aio-icon-title'  data-responsive-json-new='{\"font-size\":\"\",\"line-height\":\"\"}'  style=\"\">Intermedia\u00e7\u00f5es e Valuation<\/h3><\/div> <!-- header --><div class=\"aio-icon-description ult-responsive\"  data-ultimate-target='#Info-box-wrap-8922 .aio-icon-description'  data-responsive-json-new='{\"font-size\":\"\",\"line-height\":\"\"}'  style=\"\">Ter um intermediador com experi\u00eancia e metodologia, al\u00e9m de proteger o valor do neg\u00f3cio por meio da confidencialidade, garante a excel\u00eancia do processo com auxilio gerencial, fiscal, cont\u00e1bil e legal.<\/div> <!-- description --><\/div> <!-- aio-icon-box --><\/div> <!-- aio-icon-component -->[\/vc_column_inner][\/vc_row_inner][\/vc_column][\/vc_row][vc_row full_width=&#8221;stretch_row&#8221; content_placement=&#8221;middle&#8221; css=&#8221;.vc_custom_1468517877041{background-color: #f7f7f7 !important;}&#8221;][vc_column width=&#8221;5\/12&#8243; css=&#8221;.vc_custom_1468508460786{padding-top: 0px !important;}&#8221;][vc_single_image image=&#8221;11871&#8243; img_size=&#8221;full&#8221; alignment=&#8221;center&#8221; css_animation=&#8221;bottom-to-top&#8221; css=&#8221;.vc_custom_1713836720382{margin-bottom: 0px !important;}&#8221;][\/vc_column][vc_column width=&#8221;1\/12&#8243;][\/vc_column][vc_column width=&#8221;6\/12&#8243; css=&#8221;.vc_custom_1468508603404{padding-top: 80px !important;padding-bottom: 80px !important;}&#8221;][vc_custom_heading text=&#8221;Com experi\u00eancia na reestrutura\u00e7\u00e3o da sa\u00fade financeira das empresas, nossa metodologia est\u00e1 focada da objetividade e equil\u00edbrio dos custos para projetar um crescimento estrat\u00e9gico e seguro.<\/p>\n<p>Nosso objetivo est\u00e1 focado em resultados. Com isso, oferecemos planos de a\u00e7\u00f5es personalizados e eficientes para empresas que desejam se diferenciar no mercado.&#8221; font_container=&#8221;tag:p|font_size:24px|text_align:left|color:%237f8c8d|line_height:44px&#8221; google_fonts=&#8221;font_family:Playfair%20Display%3Aregular%2Citalic%2C700%2C700italic%2C900%2C900italic|font_style:400%20regular%3A400%3Anormal&#8221; css=&#8221;.vc_custom_1608751681498{margin-bottom: 40px !important;}&#8221;][vc_column_text css_animation=&#8221;bottom-to-top&#8221;]<\/p>\n<h5 style=\"font-size: 15px;\">Dica Frinvest<\/h5>\n<p style=\"color: #aaa; margin-top: 0;\">Ter um intermediador com experi\u00eancia e metodologia, al\u00e9m de proteger o valor do neg\u00f3cio por meio da confidencialidade, garante a excel\u00eancia do processo com auxilio gerencial, fiscal, cont\u00e1bil e legal. Al\u00e9m disso, garante uma melhor remunera\u00e7\u00e3o e negocia\u00e7\u00e3o de venda para a transa\u00e7\u00e3o.<\/p>\n<p>[\/vc_column_text][\/vc_column][\/vc_row][vc_row full_width=&#8221;stretch_row&#8221; bg_type=&#8221;image&#8221; parallax_style=&#8221;vcpb-vz-jquery&#8221; bg_image_new=&#8221;id^11857|url^https:\/\/frinvest.com.br\/wp-content\/uploads\/2021\/06\/frinvest-fundo_business.jpg|caption^null|alt^null|title^frinvest-fundo_business|description^null&#8221; enable_overlay=&#8221;enable_overlay_value&#8221; overlay_color=&#8221;rgba(32,35,38,0.35)&#8221; css=&#8221;.vc_custom_1625018878805{padding-top: 50px !important;padding-bottom: 120px !important;}&#8221;][vc_column][vc_row_inner][vc_column_inner width=&#8221;2\/3&#8243;][vc_column_text css_animation=&#8221;bottom-to-top&#8221;]<\/p>\n<h3 style=\"color: #fff;\">Crescimento e solidifica\u00e7\u00e3o s\u00e3o os nossos pilares<\/h3>\n<div id=\"gtx-trans\" style=\"position: absolute; left: 196px; top: 44.1597px;\">\n<div class=\"gtx-trans-icon\"><\/div>\n<\/div>\n<p>[\/vc_column_text][vc_column_text css_animation=&#8221;bottom-to-top&#8221;]<\/p>\n<p style=\"font-size: 19px; color: #fff;\">Trabalhamos com o crescimento controlado para gerar rentabilidade e lucros reais, proporcionando ao empres\u00e1rio maior controle atrav\u00e9s de um planejamento flex\u00edvel e personalizado para sua empresa.<\/p>\n<div id=\"gtx-trans\" style=\"position: absolute; left: 69px; top: -6.78472px;\">\n<div class=\"gtx-trans-icon\"><\/div>\n<\/div>\n<p>[\/vc_column_text][\/vc_column_inner][vc_column_inner width=&#8221;1\/3&#8243;][\/vc_column_inner][\/vc_row_inner][vc_empty_space height=&#8221;50px&#8221;][vc_row_inner][vc_column_inner width=&#8221;1\/3&#8243;][vc_column_text css_animation=&#8221;bottom-to-top&#8221; css=&#8221;.vc_custom_1608739246822{margin-bottom: 20px !important;}&#8221;]<\/p>\n<h6 style=\"color: #fff;\">Parceria baseada em confian\u00e7a<\/h6>\n<p>[\/vc_column_text][vc_column_text css_animation=&#8221;bottom-to-top&#8221;]<\/p>\n<p style=\"color: #fff;\">Oferecer ao cliente uma consultoria \u00e9 mais que prestar servi\u00e7os. Nosso trabalho est\u00e1 baseado na confian\u00e7a de estar lado a lado com o empres\u00e1rio para construir juntos uma carreira de sucesso.<\/p>\n<div id=\"gtx-trans\" style=\"position: absolute; left: 286px; top: 60.3229px;\">\n<div class=\"gtx-trans-icon\"><\/div>\n<\/div>\n<p>[\/vc_column_text][vc_empty_space height=&#8221;30px&#8221;][vc_column_text css_animation=&#8221;bottom-to-top&#8221; css=&#8221;.vc_custom_1608739303242{margin-bottom: 20px !important;}&#8221;]<\/p>\n<h6 style=\"color: #fff;\">Objetividade<\/h6>\n<div id=\"gtx-trans\" style=\"position: absolute; left: 101px; top: 39.2986px;\">\n<div class=\"gtx-trans-icon\"><\/div>\n<\/div>\n<p>[\/vc_column_text][vc_column_text css_animation=&#8221;bottom-to-top&#8221;]<\/p>\n<p style=\"color: #fff;\">O mercado \u00e9 din\u00e2mico e mutante. Baseado nisso, oferecemos solu\u00e7\u00f5es pr\u00e1ticas e com resultados objetivos atrav\u00e9s de planos de a\u00e7\u00f5es aos empres\u00e1rios.<\/p>\n<p>[\/vc_column_text][\/vc_column_inner][vc_column_inner width=&#8221;2\/3&#8243;][\/vc_column_inner][\/vc_row_inner][\/vc_column][\/vc_row][vc_row][vc_column width=&#8221;1\/3&#8243;][vc_custom_heading text=&#8221;01.&#8221; font_container=&#8221;tag:h6|font_size:100px|text_align:left|color:%23eeeeee|line_height:100px&#8221; use_theme_fonts=&#8221;yes&#8221; css=&#8221;.vc_custom_1465832473051{margin-bottom: 40px !important;}&#8221;][vc_column_text css_animation=&#8221;bottom-to-top&#8221; css=&#8221;.vc_custom_1608750390168{margin-bottom: 20px !important;}&#8221;]<\/p>\n<h5>Empresas com dificuldade<\/h5>\n<p>[\/vc_column_text][vc_column_text css_animation=&#8221;bottom-to-top&#8221;]<strong>An\u00e1lise dos riscos:<\/strong>\u00a0Identificamos, avaliamos e tra\u00e7amos um plano de a\u00e7\u00e3o para os principais riscos da empresa em todos os setores.<\/p>\n<p><strong>Retomada dos controles:<\/strong> Implementa\u00e7\u00e3o de controle dos resultados (DRE), do fluxo de caixa e das informa\u00e7\u00f5es gerenciais, possibilitando um diagn\u00f3stico preciso e gest\u00e3o mais eficaz.<\/p>\n<div><strong>A\u00e7\u00f5es para equilibro do caixa:<\/strong>\u00a0Estabiliza\u00e7\u00e3o da crise e equil\u00edbrio atrav\u00e9s de a\u00e7\u00f5es de capital de giro, avalia\u00e7\u00e3o dos ativos imobilizados e reestrutura\u00e7\u00e3o das d\u00edvidas.<\/div>\n<p>[\/vc_column_text][\/vc_column][vc_column width=&#8221;1\/3&#8243;][vc_custom_heading text=&#8221;02.&#8221; font_container=&#8221;tag:h6|font_size:100px|text_align:left|color:%23eeeeee|line_height:100px&#8221; use_theme_fonts=&#8221;yes&#8221; css=&#8221;.vc_custom_1465827075575{margin-bottom: 40px !important;}&#8221;][vc_column_text css_animation=&#8221;bottom-to-top&#8221; css=&#8221;.vc_custom_1608750808867{margin-bottom: 20px !important;}&#8221;]<\/p>\n<h5>Gest\u00e3o Empresarial<\/h5>\n<div id=\"gtx-trans\" style=\"position: absolute; left: 78px; top: -4.71875px;\">\n<div class=\"gtx-trans-icon\"><\/div>\n<\/div>\n<p>[\/vc_column_text][vc_column_text css_animation=&#8221;bottom-to-top&#8221;]<\/p>\n<p class=\"p1\"><strong>Programa de redu\u00e7\u00e3o de custos:<\/strong>\u00a0Reduzir \u00e9 uma a\u00e7\u00e3o base para nossa expertise. A concorr\u00eancia e os custos s\u00e3o os maiores desafios do mercado, e por isso oferecemos uma an\u00e1lise estrat\u00e9gica para nossos afim de construir uma rela\u00e7\u00e3o custo benef\u00edcio saud\u00e1vel e positiva para o seu nicho de atua\u00e7\u00e3o.<\/p>\n<p class=\"p1\"><strong>Viabilidade de projetos:<\/strong>\u00a0Elabora\u00e7\u00e3o e an\u00e1lise da viabilidade de projetos, buscando menor custo e efic\u00e1cia de resultados. Uma an\u00e1lise completa a fim de minimizar riscos e fortalecer oportunidades de mercado.<\/p>\n<p class=\"p1\"><strong>Programa de gest\u00e3o de pessoas:<\/strong>\u00a0Atrav\u00e9s do desenvolvimento de um programa de gest\u00e3o de pessoas, busca-se elevar o clima organizacional e criar um p\u00fablico interno ativo e eficiente para a empresa. Menor rotatividade e crescimento do patrim\u00f4nio intelectual s\u00e3o um grande diferencial de mercado.<\/p>\n<p>[\/vc_column_text][\/vc_column][vc_column width=&#8221;1\/3&#8243;][vc_custom_heading text=&#8221;03.&#8221; font_container=&#8221;tag:h6|font_size:100px|text_align:left|color:%23eeeeee|line_height:100px&#8221; use_theme_fonts=&#8221;yes&#8221; css=&#8221;.vc_custom_1465827081231{margin-bottom: 40px !important;}&#8221;][vc_column_text css_animation=&#8221;bottom-to-top&#8221; css=&#8221;.vc_custom_1608750927110{margin-bottom: 20px !important;}&#8221;]<\/p>\n<h5>Valuation e intermedia\u00e7\u00f5es<\/h5>\n<p>[\/vc_column_text][vc_column_text css_animation=&#8221;bottom-to-top&#8221;]<strong>Valuation:<\/strong>\u00a0Defini\u00e7\u00e3o do valor do neg\u00f3cio atrav\u00e9s da valoriza\u00e7\u00e3o dos seus ativos e an\u00e1lise dos seus riscos. Elabora\u00e7\u00e3o de um \u201cbook\u201d desenvolvido para apresenta\u00e7\u00e3o aos potenciais investidores, contendo os dados mais relevantes sobre a empresa e seu detalhamento patrimonial.<\/p>\n<p><strong>Busca de investidores:<\/strong>\u00a0Nossa pol\u00edtica de busca de investidores tem como princ\u00edpio a confidencialidade e aproxima\u00e7\u00e3o pontual de potenciais compradores. Atrav\u00e9s da rede de contatos, selecionados um n\u00famero realmente potencial de compradores com apresenta\u00e7\u00e3o exclusiva e detalhada.<\/p>\n<p><strong>Negocia\u00e7\u00e3o:<\/strong>\u00a0Para proteger as informa\u00e7\u00f5es da empresa e o sigilo do neg\u00f3cio, nossos gestores representam a empresa a ser vendida em todo o processo de negocia\u00e7\u00e3o e compra, garantindo a legalidade e qualidade do servi\u00e7o por meio de um contrato de intermedia\u00e7\u00e3o.<\/p>\n<p><strong>Fechamento:<\/strong>\u00a0O fechamento do neg\u00f3cio \u00e9 uma etapa crucial do processo, onde auxiliamos na execu\u00e7\u00e3o da auditoria final das informa\u00e7\u00f5es da empresa, na elabora\u00e7\u00e3o do contrato de compra e venda, na assist\u00eancia cont\u00e1bil e fiscal e no processo de transi\u00e7\u00e3o da gest\u00e3o.[\/vc_column_text][\/vc_column][\/vc_row]<\/p>\n","protected":false},"excerpt":{"rendered":"<p>[vc_row full_width=&#8221;stretch_row&#8221; full_height=&#8221;yes&#8221; content_placement=&#8221;middle&#8221; bg_type=&#8221;image&#8221; parallax_style=&#8221;vcpb-vz-jquery&#8221; bg_image_new=&#8221;id^11877|url^https:\/\/frinvest.com.br\/wp-content\/uploads\/2021\/07\/fundo_frinvest3.jpg|caption^null|alt^null|title^fundo_frinvest3|description^null&#8221; css=&#8221;.vc_custom_1625153142239{margin-bottom: 0px !important;padding-top: 120px !important;padding-bottom: 30px !important;}&#8221;][vc_column width=&#8221;7\/12&#8243;][vc_empty_space height=&#8221;40px&#8221;][vc_column_text css_animation=&#8221;bottom-to-top&#8221;] A Frinvest atua na planifica\u00e7\u00e3o estrat\u00e9gica, gest\u00e3o empresarial, valuation e interm\u00e9dios de empresas&#8230;<\/p>\n","protected":false},"author":1,"featured_media":0,"parent":10288,"menu_order":0,"comment_status":"closed","ping_status":"closed","template":"","meta":[],"yoast_head":"<!-- This site is optimized with the Yoast SEO plugin v15.5 - https:\/\/yoast.com\/wordpress\/plugins\/seo\/ -->\n<title>Home Startup - Frinvest<\/title>\n<meta name=\"robots\" content=\"index, follow, max-snippet:-1, max-image-preview:large, max-video-preview:-1\" \/>\n<link rel=\"canonical\" href=\"https:\/\/frinvest.com.br\/\" \/>\n<meta property=\"og:locale\" content=\"pt_BR\" \/>\n<meta property=\"og:type\" content=\"article\" \/>\n<meta property=\"og:title\" content=\"Home Startup - Frinvest\" \/>\n<meta property=\"og:description\" content=\"[vc_row full_width=&#8221;stretch_row&#8221; full_height=&#8221;yes&#8221; content_placement=&#8221;middle&#8221; bg_type=&#8221;image&#8221; parallax_style=&#8221;vcpb-vz-jquery&#8221; bg_image_new=&#8221;id^11877|url^https:\/\/frinvest.com.br\/wp-content\/uploads\/2021\/07\/fundo_frinvest3.jpg|caption^null|alt^null|title^fundo_frinvest3|description^null&#8221; css=&#8221;.vc_custom_1625153142239{margin-bottom: 0px !important;padding-top: 120px !important;padding-bottom: 30px !important;}&#8221;][vc_column width=&#8221;7\/12&#8243;][vc_empty_space height=&#8221;40px&#8221;][vc_column_text css_animation=&#8221;bottom-to-top&#8221;] A Frinvest atua na planifica\u00e7\u00e3o estrat\u00e9gica, gest\u00e3o empresarial, valuation e interm\u00e9dios de empresas...\" \/>\n<meta property=\"og:url\" content=\"https:\/\/frinvest.com.br\/\" \/>\n<meta property=\"og:site_name\" content=\"Frinvest\" \/>\n<meta property=\"article:modified_time\" content=\"2024-04-23T01:46:03+00:00\" \/>\n<meta name=\"twitter:card\" content=\"summary_large_image\" \/>\n<meta name=\"twitter:label1\" content=\"Est. reading time\">\n\t<meta name=\"twitter:data1\" content=\"6 minutos\">\n<script type=\"application\/ld+json\" class=\"yoast-schema-graph\">{\"@context\":\"https:\/\/schema.org\",\"@graph\":[{\"@type\":\"WebSite\",\"@id\":\"https:\/\/frinvest.com.br\/#website\",\"url\":\"https:\/\/frinvest.com.br\/\",\"name\":\"Frinvest\",\"description\":\"\",\"potentialAction\":[{\"@type\":\"SearchAction\",\"target\":\"https:\/\/frinvest.com.br\/?s={search_term_string}\",\"query-input\":\"required name=search_term_string\"}],\"inLanguage\":\"pt-BR\"},{\"@type\":\"WebPage\",\"@id\":\"https:\/\/frinvest.com.br\/#webpage\",\"url\":\"https:\/\/frinvest.com.br\/\",\"name\":\"Home Startup - Frinvest\",\"isPartOf\":{\"@id\":\"https:\/\/frinvest.com.br\/#website\"},\"datePublished\":\"2016-07-13T10:38:04+00:00\",\"dateModified\":\"2024-04-23T01:46:03+00:00\",\"inLanguage\":\"pt-BR\",\"potentialAction\":[{\"@type\":\"ReadAction\",\"target\":[\"https:\/\/frinvest.com.br\/\"]}]}]}<\/script>\n<!-- \/ Yoast SEO plugin. -->","_links":{"self":[{"href":"https:\/\/frinvest.com.br\/index.php?rest_route=\/wp\/v2\/pages\/10691"}],"collection":[{"href":"https:\/\/frinvest.com.br\/index.php?rest_route=\/wp\/v2\/pages"}],"about":[{"href":"https:\/\/frinvest.com.br\/index.php?rest_route=\/wp\/v2\/types\/page"}],"author":[{"embeddable":true,"href":"https:\/\/frinvest.com.br\/index.php?rest_route=\/wp\/v2\/users\/1"}],"replies":[{"embeddable":true,"href":"https:\/\/frinvest.com.br\/index.php?rest_route=%2Fwp%2Fv2%2Fcomments&post=10691"}],"version-history":[{"count":47,"href":"https:\/\/frinvest.com.br\/index.php?rest_route=\/wp\/v2\/pages\/10691\/revisions"}],"predecessor-version":[{"id":11882,"href":"https:\/\/frinvest.com.br\/index.php?rest_route=\/wp\/v2\/pages\/10691\/revisions\/11882"}],"up":[{"embeddable":true,"href":"https:\/\/frinvest.com.br\/index.php?rest_route=\/wp\/v2\/pages\/10288"}],"wp:attachment":[{"href":"https:\/\/frinvest.com.br\/index.php?rest_route=%2Fwp%2Fv2%2Fmedia&parent=10691"}],"curies":[{"name":"wp","href":"https:\/\/api.w.org\/{rel}","templated":true}]}}